{"id":303,"date":"2024-02-23T19:01:42","date_gmt":"2024-02-23T19:01:42","guid":{"rendered":"https:\/\/scorentalbrothers.pt\/?page_id=303"},"modified":"2025-05-07T13:49:22","modified_gmt":"2025-05-07T13:49:22","slug":"bikes","status":"publish","type":"page","link":"https:\/\/scorentalbrothers.pt\/pt\/bikes\/","title":{"rendered":"Bicicletas"},"content":{"rendered":"<div data-elementor-type=\"wp-page\" data-elementor-id=\"303\" class=\"elementor elementor-303\" data-elementor-post-type=\"page\">\n\t\t\t\t<div class=\"elementor-element elementor-element-de8cf9a e-con-full e-flex e-con e-parent\" data-id=\"de8cf9a\" data-element_type=\"container\" data-settings=\"{&quot;shape_divider_bottom&quot;:&quot;curve&quot;,&quot;shape_divider_bottom_negative&quot;:&quot;yes&quot;}\">\n\t\t\t\t<div class=\"elementor-shape elementor-shape-bottom\" data-negative=\"true\">\n\t\t\t<svg xmlns=\"http:\/\/www.w3.org\/2000\/svg\" viewbox=\"0 0 1000 100\" preserveaspectratio=\"none\">\n\t<path class=\"elementor-shape-fill\" d=\"M500,97C126.7,96.3,0.8,19.8,0,0v100l1000,0V1C1000,19.4,873.3,97.8,500,97z\"\/>\n<\/svg>\t\t<\/div>\n\t\t\t\t<div class=\"elementor-element elementor-element-1991796 elementor-widget elementor-widget-slider_revolution\" data-id=\"1991796\" data-element_type=\"widget\" data-widget_type=\"slider_revolution.default\">\n\t\t\t\t<div class=\"elementor-widget-container\">\n\t\t\t\n\t\t<div class=\"wp-block-themepunch-revslider\">\n\t\t\t<!-- START Bikes REVOLUTION SLIDER 6.6.20 --><p class=\"rs-p-wp-fix\"><\/p>\n\t\t\t<rs-module-wrap id=\"rev_slider_3_1_wrapper\" data-source=\"gallery\" style=\"visibility:hidden;background:#0f0a0a;padding:0;margin:0px auto;margin-top:0;margin-bottom:0;\">\n\t\t\t\t<rs-module id=\"rev_slider_3_1\" style=\"\" data-version=\"6.6.20\">\n\t\t\t\t\t<rs-slides style=\"overflow: hidden; position: absolute;\">\n\t\t\t\t\t\t<rs-slide style=\"position: absolute;\" data-key=\"rs-5\" data-title=\"Slide\" data-anim=\"ms:600;\" data-in=\"o:0;\" data-out=\"a:false;\">\n\t\t\t\t\t\t\t<img fetchpriority=\"high\" decoding=\"async\" src=\"\/\/scorentalbrothers.pt\/wp-content\/plugins\/revslider\/public\/assets\/assets\/dummy.png\" alt=\"\" width=\"1600\" height=\"1067\" class=\"rev-slidebg tp-rs-img rs-lazyload\" data-lazyload=\"\/\/scorentalbrothers.pt\/wp-content\/uploads\/2024\/02\/K32A4672_401.webp\" data-parallax=\"7\" data-panzoom=\"d:10000;ss:100;se:105%;\" data-no-retina>\n<!--\n\t\t\t\t\t\t\t--><rs-layer\n\t\t\t\t\t\t\t\tid=\"slider-3-slide-5-layer-0\" \n\t\t\t\t\t\t\t\tdata-type=\"image\"\n\t\t\t\t\t\t\t\tdata-rsp_ch=\"on\"\n\t\t\t\t\t\t\t\tdata-xy=\"x:c;yo:64px,57px,43px,27px;\"\n\t\t\t\t\t\t\t\tdata-text=\"w:normal;s:20,17,12,7;l:0,22,16,9;\"\n\t\t\t\t\t\t\t\tdata-dim=\"w:280px,251px,190px,134px;h:286px,256px,194px,137px;\"\n\t\t\t\t\t\t\t\tdata-frame_999=\"o:0;st:w;\"\n\t\t\t\t\t\t\t\tstyle=\"z-index:10;\"\n\t\t\t\t\t\t\t><img decoding=\"async\" src=\"\/\/scorentalbrothers.pt\/wp-content\/plugins\/revslider\/public\/assets\/assets\/dummy.png\" alt=\"\" class=\"tp-rs-img rs-lazyload\" width=\"280\" height=\"286\" data-lazyload=\"\/\/scorentalbrothers.pt\/wp-content\/uploads\/2024\/02\/scorental-logo.png\" data-no-retina> \n\t\t\t\t\t\t\t<\/rs-layer><!--\n\n\t\t\t\t\t\t\t--><rs-layer\n\t\t\t\t\t\t\t\tid=\"slider-3-slide-5-layer-1\" \n\t\t\t\t\t\t\t\tdata-type=\"text\"\n\t\t\t\t\t\t\t\tdata-rsp_ch=\"on\"\n\t\t\t\t\t\t\t\tdata-xy=\"x:c,l,c,c;xo:0,38px,5px,0;yo:399px,138px,188px,289px;\"\n\t\t\t\t\t\t\t\tdata-text=\"w:normal;s:30,26,19,21;l:60,53,40,24;fw:200;a:center;\"\n\t\t\t\t\t\t\t\tdata-dim=\"w:1136px,1020px,774px,477px;\"\n\t\t\t\t\t\t\t\tdata-frame_0=\"rX:70deg;oZ:-50;\"\n\t\t\t\t\t\t\t\tdata-frame_0_chars=\"d:5;y:cyc(-100||100);o:0;\"\n\t\t\t\t\t\t\t\tdata-frame_1=\"oZ:-50;e:power4.inOut;st:200;sp:160;sR:200;\"\n\t\t\t\t\t\t\t\tdata-frame_1_chars=\"e:power4.inOut;dir:middletoedge;d:10;\"\n\t\t\t\t\t\t\t\tdata-frame_999=\"o:0;st:w;sR:5840;\"\n\t\t\t\t\t\t\t\tstyle=\"z-index:9;font-family:'Oswald';\"\n\t\t\t\t\t\t\t>ALUGUER DE SCOOTER E BICICLETA \n\t\t\t\t\t\t\t<\/rs-layer><!--\n\n\t\t\t\t\t\t\t--><rs-layer\n\t\t\t\t\t\t\t\tid=\"slider-3-slide-5-layer-8\" \n\t\t\t\t\t\t\t\tdata-type=\"text\"\n\t\t\t\t\t\t\t\tdata-rsp_ch=\"on\"\n\t\t\t\t\t\t\t\tdata-xy=\"xo:1px;yo:626px;\"\n\t\t\t\t\t\t\t\tdata-text=\"l:22;a:inherit;\"\n\t\t\t\t\t\t\t\tdata-frame_1=\"st:530;sR:530;\"\n\t\t\t\t\t\t\t\tdata-frame_999=\"o:0;st:w;sR:8170;\"\n\t\t\t\t\t\t\t\tstyle=\"z-index:7;font-family:'Open Sans';\"\n\t\t\t\t\t\t\t> \n\t\t\t\t\t\t\t<\/rs-layer><!--\n\n\t\t\t\t\t\t\t--><rs-layer\n\t\t\t\t\t\t\t\tid=\"slider-3-slide-5-layer-9\" \n\t\t\t\t\t\t\t\tdata-type=\"text\"\n\t\t\t\t\t\t\t\tdata-rsp_ch=\"on\"\n\t\t\t\t\t\t\t\tdata-xy=\"x:c,l,c,c;xo:0,38px,5px,0;yo:346px,138px,188px,250px;\"\n\t\t\t\t\t\t\t\tdata-text=\"w:normal;s:55,49,37,32;l:60,53,40,24;fw:700;a:center;\"\n\t\t\t\t\t\t\t\tdata-dim=\"w:1136px,1020px,774px,477px;\"\n\t\t\t\t\t\t\t\tdata-frame_0=\"rX:70deg;oZ:-50;\"\n\t\t\t\t\t\t\t\tdata-frame_0_chars=\"d:5;y:cyc(-100||100);o:0;\"\n\t\t\t\t\t\t\t\tdata-frame_1=\"oZ:-50;e:power4.inOut;st:200;sp:160;sR:200;\"\n\t\t\t\t\t\t\t\tdata-frame_1_chars=\"e:power4.inOut;dir:middletoedge;d:10;\"\n\t\t\t\t\t\t\t\tdata-frame_999=\"o:0;st:w;sR:5840;\"\n\t\t\t\t\t\t\t\tstyle=\"z-index:8;font-family:'Oswald';\"\n\t\t\t\t\t\t\t>SCORENTAL BROTHERS \n\t\t\t\t\t\t\t<\/rs-layer><!--\n-->\t\t\t\t\t\t<\/rs-slide>\n\t\t\t\t\t<\/rs-slides>\n\t\t\t\t<\/rs-module>\n\t\t\t\t<script>\n\t\t\t\t\tsetREVStartSize({c: 'rev_slider_3_1',rl:[1240,1024,778,480],el:[768,768,700,420],gw:[1140,1024,778,480],gh:[768,568,500,420],type:'standard',justify:'',layout:'fullwidth',mh:\"0\"});if (window.RS_MODULES!==undefined && window.RS_MODULES.modules!==undefined && window.RS_MODULES.modules[\"revslider31\"]!==undefined) {window.RS_MODULES.modules[\"revslider31\"].once = false;window.revapi3 = undefined;if (window.RS_MODULES.checkMinimal!==undefined) window.RS_MODULES.checkMinimal()}\n\t\t\t\t<\/script>\n\t\t\t<\/rs-module-wrap>\n\t\t\t<!-- END REVOLUTION SLIDER -->\n<\/div>\n\n\t\t\t\t<\/div>\n\t\t\t\t<\/div>\n\t\t\t\t<\/div>\n\t\t<div class=\"elementor-element elementor-element-c6f17b2 e-flex e-con-boxed e-con e-parent\" data-id=\"c6f17b2\" data-element_type=\"container\" data-settings=\"{&quot;background_background&quot;:&quot;classic&quot;}\">\n\t\t\t\t\t<div class=\"e-con-inner\">\n\t\t<div class=\"elementor-element elementor-element-542957c e-flex e-con-boxed e-con e-child\" data-id=\"542957c\" data-element_type=\"container\">\n\t\t\t\t\t<div class=\"e-con-inner\">\n\t\t\t\t<div class=\"elementor-element elementor-element-d03064d elementor-widget elementor-widget-image\" data-id=\"d03064d\" data-element_type=\"widget\" data-widget_type=\"image.default\">\n\t\t\t\t<div class=\"elementor-widget-container\">\n\t\t\t\t\t\t\t\t\t\t\t\t\t<img decoding=\"async\" width=\"150\" height=\"74\" src=\"https:\/\/scorentalbrothers.pt\/wp-content\/uploads\/2024\/02\/sep-5.svg\" class=\"attachment-thumbnail size-thumbnail wp-image-166\" alt=\"\" \/>\t\t\t\t\t\t\t\t\t\t\t\t\t<\/div>\n\t\t\t\t<\/div>\n\t\t\t\t<div class=\"elementor-element elementor-element-ea8555f elementor-widget elementor-widget-heading\" data-id=\"ea8555f\" data-element_type=\"widget\" data-widget_type=\"heading.default\">\n\t\t\t\t<div class=\"elementor-widget-container\">\n\t\t\t<h2 class=\"elementor-heading-title elementor-size-default\">Alugue Connosco<\/h2>\t\t<\/div>\n\t\t\t\t<\/div>\n\t\t\t\t<div class=\"elementor-element elementor-element-2adef32 elementor-widget elementor-widget-heading\" data-id=\"2adef32\" data-element_type=\"widget\" data-widget_type=\"heading.default\">\n\t\t\t\t<div class=\"elementor-widget-container\">\n\t\t\t<div class=\"elementor-heading-title elementor-size-default\">Veja as bicicletas dispon\u00edveis para si<\/div>\t\t<\/div>\n\t\t\t\t<\/div>\n\t\t\t\t\t<\/div>\n\t\t\t\t<\/div>\n\t\t\t\t<div class=\"elementor-element elementor-element-2b8821b elementor-widget__width-initial elementor-widget-mobile__width-inherit elementor-widget elementor-widget-shortcode\" data-id=\"2b8821b\" data-element_type=\"widget\" data-widget_type=\"shortcode.default\">\n\t\t\t\t<div class=\"elementor-widget-container\">\n\t\t\t\t\t<div class=\"elementor-shortcode\"><div class=\"ovabrw-list-product  ovabrw-modern-product\">\n\t<ul class=\"products ovabrw-column1\">\n\t\t\t\t\t\t\t<li class=\"item\">\n\t\t\t\t\t\t\n<div class=\"ovabrw-card-template ovabrw-card1\">\n\t<div class=\"ovabrw-card-header\">\n\t\t\n    <div class=\"ovabrw-gallery-popup\">\n    \t\t        <div class=\"ovabrw-gallery-slideshow owl-carousel owl-theme\" data-options=\"{&quot;items&quot;:1,&quot;slideBy&quot;:1,&quot;margin&quot;:1,&quot;autoplayHoverPause&quot;:true,&quot;loop&quot;:true,&quot;autoplay&quot;:false,&quot;autoplayTimeout&quot;:3000,&quot;smartSpeed&quot;:500,&quot;autoWidth&quot;:false,&quot;center&quot;:false,&quot;lazyLoad&quot;:true,&quot;dots&quot;:true,&quot;nav&quot;:true,&quot;rtl&quot;:false,&quot;nav_left&quot;:&quot;brwicon-left&quot;,&quot;nav_right&quot;:&quot;brwicon-right-1&quot;,&quot;responsive&quot;:{&quot;0&quot;:{&quot;items&quot;:1,&quot;nav&quot;:false,&quot;slideBy&quot;:1},&quot;769&quot;:{&quot;items&quot;:1,&quot;nav&quot;:true,&quot;slideBy&quot;:1}}}\">\n\t            \t                <div class=\"item\">\n\t                    <a class=\"gallery-fancybox\" data-index=\"0\" href=\"javascript:void(0)\">\n\t                        <img loading=\"lazy\" decoding=\"async\" width=\"300\" height=\"300\" src=\"https:\/\/scorentalbrothers.pt\/wp-content\/uploads\/2024\/02\/elops-520-300x300.webp\" class=\"attachment-woocommerce_thumbnail size-woocommerce_thumbnail\" alt=\"\" srcset=\"https:\/\/scorentalbrothers.pt\/wp-content\/uploads\/2024\/02\/elops-520-300x300.webp 300w, https:\/\/scorentalbrothers.pt\/wp-content\/uploads\/2024\/02\/elops-520-500x500.webp 500w, https:\/\/scorentalbrothers.pt\/wp-content\/uploads\/2024\/02\/elops-520-150x150.webp 150w, https:\/\/scorentalbrothers.pt\/wp-content\/uploads\/2024\/02\/elops-520-12x12.webp 12w, https:\/\/scorentalbrothers.pt\/wp-content\/uploads\/2024\/02\/elops-520-100x100.webp 100w, https:\/\/scorentalbrothers.pt\/wp-content\/uploads\/2024\/02\/elops-520.webp 560w\" sizes=\"(max-width: 300px) 100vw, 300px\" \/>\t                    <\/a>\n\t                <\/div>\n\t            \t        <\/div>\n\t        <input\n\t        \ttype=\"hidden\"\n\t        \tclass=\"ovabrw-data-gallery\"\n\t        \tdata-gallery=\"[{&quot;src&quot;:&quot;https:\\\/\\\/scorentalbrothers.pt\\\/wp-content\\\/uploads\\\/2024\\\/02\\\/elops-520.webp&quot;,&quot;caption&quot;:&quot;&quot;,&quot;thumb&quot;:&quot;https:\\\/\\\/scorentalbrothers.pt\\\/wp-content\\\/uploads\\\/2024\\\/02\\\/elops-520.webp&quot;}]\"\n\t        \/>\n\t        <\/div>\n\t\t\n\t\t\t\t\t\t\t\t\t\t\t\t\t<div class=\"ovabrw-price\">\n\t\t<span class=\"amount\"><span class=\"woocommerce-Price-amount amount\"><bdi><span class=\"woocommerce-Price-currencySymbol\">&euro;<\/span>12.00<\/bdi><\/span><\/span>\n\t\t<span class=\"unit\">\/ Day<\/span>\n\t<\/div>\n\t<\/div>\n\t<div class=\"ovabrw-card-content\">\n\t\t\t<h2 class=\"ovabrw-title\">\n\t\t<a href=\"https:\/\/scorentalbrothers.pt\/pt\/our-fleet\/elops-520\/\">Elops 520<\/a>\n\t<\/h2>\n\t\t\t<ul class=\"ovabrw-features\">\n\t\t\t\t\t<li class=\"item-feature\">\n\t\t\t\t\t\t\t\t\t<i aria-hidden=\"true\" class=\"fa-solid fa-link\"><\/i>\n\t\t\t\t\t\t\t\t<span>Inclui uma corrente de seguran\u00e7a<\/span>\n\t\t\t<\/li>\n\t\t\t\t\t<li class=\"item-feature\">\n\t\t\t\t\t\t\t\t\t<i aria-hidden=\"true\" class=\"fa-solid fa-umbrella-beach\"><\/i>\n\t\t\t\t\t\t\t\t<span>Ideal para viagem de surf (se incluir rack)<\/span>\n\t\t\t<\/li>\n\t\t\t\t\t<li class=\"item-feature\">\n\t\t\t\t\t\t\t\t\t<i aria-hidden=\"true\" class=\"fa-solid fa-bicycle\"><\/i>\n\t\t\t\t\t\t\t\t<span>Ideal para passeios em grupo e viagens curtas<\/span>\n\t\t\t<\/li>\n\t\t\t<\/ul>\n\t\t\t\t\t\t\t<p class=\"ovabrw-short-description\">\n\t\tUma excelente bicicleta para quem gosta de se manter ativos e pretende fazer pequenas viagens desfrutando das belas vistas de Peniche. Tamb\u00e9m \u00e9 uma alternativa para os surfistas que querem um transporte para levar a sua prancha para os v\u00e1rios spots de surf da nossa costa.\t<\/p>\n\n\t\t<div class=\"ovabrw-card-btn\">\n\t\t\t\t\t\t\t<a href=\"https:\/\/scorentalbrothers.pt\/pt\/our-fleet\/elops-520\/\" class=\"ovabrw-button\">\n\t\tReserve Agora\t\t<i aria-hidden=\"true\" class=\"brwicon-right\"><\/i>\n\t<\/a>\n\t\t<\/div>\n\t<\/div>\n<\/div>\t\t\t\t\t<\/li>\n\t\t\t\t\t\t<\/ul>\n<\/div><\/div>\n\t\t\t\t<\/div>\n\t\t\t\t<\/div>\n\t\t\t\t\t<\/div>\n\t\t\t\t<\/div>\n\t\t<div class=\"elementor-element elementor-element-992660f e-flex e-con-boxed e-con e-parent\" data-id=\"992660f\" data-element_type=\"container\">\n\t\t\t\t\t<div class=\"e-con-inner\">\n\t\t\t\t\t<\/div>\n\t\t\t\t<\/div>\n\t\t\t\t<\/div>","protected":false},"excerpt":{"rendered":"<p>Rent With Us Look at available bikes for you<\/p>","protected":false},"author":1,"featured_media":0,"parent":0,"menu_order":0,"comment_status":"closed","ping_status":"closed","template":"elementor_header_footer","meta":{"inline_featured_image":false,"footnotes":""},"class_list":["post-303","page","type-page","status-publish","hentry"],"blocksy_meta":[],"jetpack_sharing_enabled":true,"_links":{"self":[{"href":"https:\/\/scorentalbrothers.pt\/pt\/wp-json\/wp\/v2\/pages\/303","targetHints":{"allow":["GET"]}}],"collection":[{"href":"https:\/\/scorentalbrothers.pt\/pt\/wp-json\/wp\/v2\/pages"}],"about":[{"href":"https:\/\/scorentalbrothers.pt\/pt\/wp-json\/wp\/v2\/types\/page"}],"author":[{"embeddable":true,"href":"https:\/\/scorentalbrothers.pt\/pt\/wp-json\/wp\/v2\/users\/1"}],"replies":[{"embeddable":true,"href":"https:\/\/scorentalbrothers.pt\/pt\/wp-json\/wp\/v2\/comments?post=303"}],"version-history":[{"count":25,"href":"https:\/\/scorentalbrothers.pt\/pt\/wp-json\/wp\/v2\/pages\/303\/revisions"}],"predecessor-version":[{"id":1961,"href":"https:\/\/scorentalbrothers.pt\/pt\/wp-json\/wp\/v2\/pages\/303\/revisions\/1961"}],"wp:attachment":[{"href":"https:\/\/scorentalbrothers.pt\/pt\/wp-json\/wp\/v2\/media?parent=303"}],"curies":[{"name":"wp","href":"https:\/\/api.w.org\/{rel}","templated":true}]}}