{"id":244,"date":"2024-02-23T14:36:47","date_gmt":"2024-02-23T14:36:47","guid":{"rendered":"https:\/\/scorentalbrothers.pt\/?post_type=product&#038;p=244"},"modified":"2026-04-28T16:57:25","modified_gmt":"2026-04-28T16:57:25","slug":"elops-520","status":"publish","type":"product","link":"https:\/\/scorentalbrothers.pt\/pt\/our-fleet\/elops-520\/","title":{"rendered":"Elops 520"},"content":{"rendered":"<p>An excelent bike for those who like to stay active and love to take short trips enjoying the beautiful views of Peniche. Good also for surfers who want a transport to take their board to the various surf beaches in the area.<\/p>","protected":false},"excerpt":{"rendered":"<p>Uma excelente bicicleta para quem gosta de se manter ativos e pretende fazer pequenas viagens desfrutando das belas vistas de Peniche. Tamb\u00e9m \u00e9 uma alternativa para os surfistas que querem um transporte para levar a sua prancha para os v\u00e1rios spots de surf da nossa costa.<\/p>","protected":false},"featured_media":1012,"template":"","meta":{"inline_featured_image":false},"product_cat":[24,21],"product_tag":[],"class_list":{"0":"post-244","1":"product","2":"type-product","3":"status-publish","4":"has-post-thumbnail","6":"product_cat-bicicleta-aluguer-mensal","7":"product_cat-bikes","9":"first","10":"instock","11":"virtual","12":"sold-individually","13":"purchasable","14":"product-type-ovabrw_car_rental"},"jetpack_sharing_enabled":true,"_links":{"self":[{"href":"https:\/\/scorentalbrothers.pt\/pt\/wp-json\/wp\/v2\/product\/244","targetHints":{"allow":["GET"]}}],"collection":[{"href":"https:\/\/scorentalbrothers.pt\/pt\/wp-json\/wp\/v2\/product"}],"about":[{"href":"https:\/\/scorentalbrothers.pt\/pt\/wp-json\/wp\/v2\/types\/product"}],"wp:featuredmedia":[{"embeddable":true,"href":"https:\/\/scorentalbrothers.pt\/pt\/wp-json\/wp\/v2\/media\/1012"}],"wp:attachment":[{"href":"https:\/\/scorentalbrothers.pt\/pt\/wp-json\/wp\/v2\/media?parent=244"}],"wp:term":[{"taxonomy":"product_cat","embeddable":true,"href":"https:\/\/scorentalbrothers.pt\/pt\/wp-json\/wp\/v2\/product_cat?post=244"},{"taxonomy":"product_tag","embeddable":true,"href":"https:\/\/scorentalbrothers.pt\/pt\/wp-json\/wp\/v2\/product_tag?post=244"}],"curies":[{"name":"wp","href":"https:\/\/api.w.org\/{rel}","templated":true}]}}