{"id":83,"date":"2024-02-22T17:09:18","date_gmt":"2024-02-22T17:09:18","guid":{"rendered":"https:\/\/scorentalbrothers.pt\/product\/65d77fbe0bd7c\/"},"modified":"2026-04-12T17:33:04","modified_gmt":"2026-04-12T17:33:04","slug":"um-chill-50-blue","status":"publish","type":"product","link":"https:\/\/scorentalbrothers.pt\/pt\/our-fleet\/um-chill-50-blue\/","title":{"rendered":"UM Chill 50 Blue"},"content":{"rendered":"<p>Uma excelente scooter para quem procura fazer pequenas viagens desfrutando das belas paisagens de Peniche. Tamb\u00e9m \u00e9 o ve\u00edculo ideal para os surfistas que necessitam de um transporte para levar a sua prancha para os v\u00e1rios spots de surf da zona.<\/p>","protected":false},"excerpt":{"rendered":"<p>Uma excelente scooter para quem procura fazer pequenas viagens desfrutando das belas paisagens de Peniche. Tamb\u00e9m \u00e9 o ve\u00edculo ideal para os surfistas que necessitam de um transporte para levar a sua prancha para os v\u00e1rios spots de surf da zona.<\/p>","protected":false},"featured_media":202,"template":"","meta":{"inline_featured_image":false},"product_cat":[20],"product_tag":[],"class_list":{"0":"post-83","1":"product","2":"type-product","3":"status-publish","4":"has-post-thumbnail","6":"product_cat-scooter","8":"first","9":"instock","10":"virtual","11":"sold-individually","12":"purchasable","13":"product-type-ovabrw_car_rental"},"jetpack_sharing_enabled":true,"_links":{"self":[{"href":"https:\/\/scorentalbrothers.pt\/pt\/wp-json\/wp\/v2\/product\/83","targetHints":{"allow":["GET"]}}],"collection":[{"href":"https:\/\/scorentalbrothers.pt\/pt\/wp-json\/wp\/v2\/product"}],"about":[{"href":"https:\/\/scorentalbrothers.pt\/pt\/wp-json\/wp\/v2\/types\/product"}],"wp:featuredmedia":[{"embeddable":true,"href":"https:\/\/scorentalbrothers.pt\/pt\/wp-json\/wp\/v2\/media\/202"}],"wp:attachment":[{"href":"https:\/\/scorentalbrothers.pt\/pt\/wp-json\/wp\/v2\/media?parent=83"}],"wp:term":[{"taxonomy":"product_cat","embeddable":true,"href":"https:\/\/scorentalbrothers.pt\/pt\/wp-json\/wp\/v2\/product_cat?post=83"},{"taxonomy":"product_tag","embeddable":true,"href":"https:\/\/scorentalbrothers.pt\/pt\/wp-json\/wp\/v2\/product_tag?post=83"}],"curies":[{"name":"wp","href":"https:\/\/api.w.org\/{rel}","templated":true}]}}